{"id":1633,"date":"2018-05-08T12:52:43","date_gmt":"2018-05-08T10:52:43","guid":{"rendered":"https:\/\/luckyousaloon.com\/?page_id=1633"},"modified":"2023-01-06T11:59:14","modified_gmt":"2023-01-06T10:59:14","slug":"accueil","status":"publish","type":"page","link":"https:\/\/luckyousaloon.com\/?page_id=1633&lang=fr","title":{"rendered":"Accueil"},"content":{"rendered":"<p>[vc_row cth_layout=&#8221;hero_sec&#8221; el_id=&#8221;slider&#8221; css=&#8221;.vc_custom_1672996779111{border-bottom-width: 20px !important;}&#8221;][vc_column css=&#8221;.vc_custom_1435153023515{padding-right: 0px !important;padding-left: 0px !important;}&#8221;][domik_home_carousel items=&#8221;1&#8243; itemscustom=&#8221;300:1,768:1,992:1,1200:1&#8243; parallax_val=&#8221;&#8221;][domik_home_carousel_item opacity=&#8221;0.2&#8243; slideimg=&#8221;1997&#8243;]JTNDZGl2JTIwY2xhc3MlM0QlMjJoZXJvLXRpdGxlLWhvbGRlciUyMiUzRSUwQSUyMCUyMCUyMCUyMCUzQ2RpdiUyMGNsYXNzJTNEJTIyaGVyby10aXRsZSUyMiUzRSUwQSUyMCUyMCUyMCUyMCUyMCUyMCUyMCUyMCUzQ2gzJTIwc3R5bGUlM0QlMjJmb250LXNpemUlM0EzNnB4JTNCJTIyJTNFQklFUkVTJTJDJTIwQ09DS1RBSUxTJTIwJTI2JTIwUkVTVEFVUkFOVCUzQyUyRmgzJTNFJTBBJTIwJTIwJTIwJTIwJTNDJTJGZGl2JTNFJTBBJTNDJTJGZGl2JTNF[\/domik_home_carousel_item][\/domik_home_carousel][\/vc_column][\/vc_row][vc_row][vc_column][vc_empty_space height=&#8221;20px&#8221;][\/vc_column][\/vc_row][vc_row cth_layout=&#8221;row_sec&#8221; el_class=&#8221;about-section&#8221; css=&#8221;.vc_custom_1672999608353{padding-top: 50px !important;padding-bottom: 50px !important;background-color: #000000 !important;}&#8221; el_id=&#8221;beer&#8221;][vc_column offset=&#8221;vc_col-md-6&#8243;][vc_column_text]<\/p>\n<h3 style=\"text-align: center; color: #fff;\">LUCKY YOU SALOON<br \/>\nBIERES, COCKTAILS ET RESTAURATION<\/h3>\n<p>[\/vc_column_text][vc_empty_space height=&#8221;30px&#8221;][vc_column_text]<\/p>\n<p style=\"text-align: center; color: #fff;\">D\u00e9guster notre s\u00e9lection unique de bi\u00e8res, alcools, cocktails et restauration<br \/>\nau LUCKY YOU Saloon sur le Quai St Pierre \u00e0 Cannes.Convivialit\u00e9 et d\u00e9tente dans un lieu chaleureux et accueillant.<\/p>\n<p style=\"text-align: center; color: #fff;\"><a style=\"background: #000000; color: #fff; font-family: 'Montserrat',helvetica,sans-serif; margin-left: 5px; font-size: 16px; width: 150px; text-align: center; display: inline-block; padding: 13px; text-decoration: none; font-weight: bold; line-height: 1; cursor: pointer; border: solid 2px #FFFFFF;\" href=\"https:\/\/www.ubereats.com\/fr\/store\/lucky-you-saloon\/0yKEtyOYSM2sUDPgLmH-sQ\" target=\"_blank\" rel=\"noopener noreferrer\">UBER\u00a0EATS<\/a><\/p>\n<p>[\/vc_column_text][\/vc_column][vc_column offset=&#8221;vc_col-md-6&#8243;][vc_single_image image=&#8221;1991&#8243; img_size=&#8221;full&#8221; alignment=&#8221;center&#8221; css_animation=&#8221;fadeIn&#8221;][\/vc_column][\/vc_row][vc_row cth_layout=&#8221;parallax_sec&#8221; css=&#8221;.vc_custom_1672999618227{background-image: url(https:\/\/luckyousaloon.com\/wp-content\/uploads\/2023\/01\/saloon.png?id=2096) !important;}&#8221; el_id=&#8221;contact&#8221;][vc_column][lambert_parallax_section_title title_text=&#8221;CONTACT&#8221; subtitle_text=&#8221;&#8221; show_decor=&#8221;no&#8221;][\/lambert_parallax_section_title][\/vc_column][\/vc_row][vc_row cth_layout=&#8221;triangle_sec&#8221; css=&#8221;.vc_custom_1651659428900{padding-top: 30px !important;padding-bottom: 30px !important;}&#8221;][vc_column][vc_empty_space height=&#8221;50px&#8221;][vc_single_image image=&#8221;2014&#8243; img_size=&#8221;200&#215;115&#8243; alignment=&#8221;center&#8221;][vc_row_inner][vc_column_inner][vc_empty_space height=&#8221;20px&#8221;][\/vc_column_inner][\/vc_row_inner][vc_column_text]<\/p>\n<p style=\"text-align: center;\">8 Quai St Pierre<br \/>\n06400 Cannes<br \/>\n+33 (0)7 49 20 88 73<br \/>\n<a href=\"mailto:info@luckyousaloon.com\">info@luckyousaloon.com<\/a><\/p>\n<p style=\"text-align: center; font-size: 11px; font-weight: bold;\">Open du Mardi au Dimanche<br \/>\nde 19h \u00e0 2:30.<\/p>\n<p>[\/vc_column_text][vc_empty_space height=&#8221;50px&#8221;][\/vc_column][\/vc_row][vc_row full_width=&#8221;stretch_row_content_no_spaces&#8221; el_class=&#8221;fullwidth&#8221; css=&#8221;.vc_custom_1438165393978{margin-bottom: 0px !important;}&#8221;][vc_column][domik_gmap latitude=&#8221;43.549548&#8243; longitude=&#8221;7.012329&#8243; address=&#8221;Lucky You Cannes &#8211; Saloon&#8221; add_address=&#8221;&#8221; zoom=&#8221;16&#8243; marker=&#8221;2100&#8243;][\/vc_column][\/vc_row]<\/p>\n","protected":false},"excerpt":{"rendered":"<p>[vc_row cth_layout=&#8221;hero_sec&#8221; el_id=&#8221;slider&#8221; css=&#8221;.vc_custom_1672996779111{border-bottom-width: 20px !important;}&#8221;][vc_column css=&#8221;.vc_custom_1435153023515{padding-right: 0px !important;padding-left: 0px !important;}&#8221;][domik_home_carousel items=&#8221;1&#8243; itemscustom=&#8221;300:1,768:1,992:1,1200:1&#8243; parallax_val=&#8221;&#8221;][domik_home_carousel_item opacity=&#8221;0.2&#8243; slideimg=&#8221;1997&#8243;]JTNDZGl2JTIwY2xhc3MlM0QlMjJoZXJvLXRpdGxlLWhvbGRlciUyMiUzRSUwQSUyMCUyMCUyMCUyMCUzQ2RpdiUyMGNsYXNzJTNEJTIyaGVyby10aXRsZSUyMiUzRSUwQSUyMCUyMCUyMCUyMCUyMCUyMCUyMCUyMCUzQ2gzJTIwc3R5bGUlM0QlMjJmb250LXNpemUlM0EzNnB4JTNCJTIyJTNFQklFUkVTJTJDJTIwQ09DS1RBSUxTJTIwJTI2JTIwUkVTVEFVUkFOVCUzQyUyRmgzJTNFJTBBJTIwJTIwJTIwJTIwJTNDJTJGZGl2JTNFJTBBJTNDJTJGZGl2JTNF[\/domik_home_carousel_item][\/domik_home_carousel][\/vc_column][\/vc_row][vc_row][vc_column][vc_empty_space height=&#8221;20px&#8221;][\/vc_column][\/vc_row][vc_row cth_layout=&#8221;row_sec&#8221; el_class=&#8221;about-section&#8221; css=&#8221;.vc_custom_1672999608353{padding-top: 50px !important;padding-bottom: 50px !important;background-color: #000000 !important;}&#8221; el_id=&#8221;beer&#8221;][vc_column offset=&#8221;vc_col-md-6&#8243;][vc_column_text] LUCKY YOU SALOON BIERES, COCKTAILS ET RESTAURATION [\/vc_column_text][vc_empty_space height=&#8221;30px&#8221;][vc_column_text] D\u00e9guster notre s\u00e9lection unique de bi\u00e8res, alcools, cocktails et restauration au LUCKY YOU Saloon sur le Quai St&#8230;<\/p>\n","protected":false},"author":1,"featured_media":0,"parent":0,"menu_order":0,"comment_status":"open","ping_status":"open","template":"homepage.php","meta":{"footnotes":""},"yoast_head":"<!-- This site is optimized with the Yoast SEO plugin v21.9.1 - https:\/\/yoast.com\/wordpress\/plugins\/seo\/ -->\n<title>LUCKY YOU SALOON - Bi\u00e8res et cocktails sur le port de Cannes<\/title>\n<meta name=\"description\" content=\"Une s\u00e9lection unique de bi\u00e8res, alcools, cocktails et restauration dans un lieu chaleureux et accueillant sur le Port de Cannes.\" \/>\n<meta name=\"robots\" content=\"index, follow, max-snippet:-1, max-image-preview:large, max-video-preview:-1\" \/>\n<link rel=\"canonical\" href=\"https:\/\/luckyousaloon.com\/?lang=fr\" \/>\n<meta property=\"og:locale\" content=\"en_US\" \/>\n<meta property=\"og:type\" content=\"article\" \/>\n<meta property=\"og:title\" content=\"LUCKY YOU SALOON - Bi\u00e8res et cocktails sur le port de Cannes\" \/>\n<meta property=\"og:description\" content=\"Une s\u00e9lection unique de bi\u00e8res, alcools, cocktails et restauration dans un lieu chaleureux et accueillant sur le Port de Cannes.\" \/>\n<meta property=\"og:url\" content=\"https:\/\/luckyousaloon.com\/?lang=fr\" \/>\n<meta property=\"og:site_name\" content=\"LUCKY YOU\" \/>\n<meta property=\"article:modified_time\" content=\"2023-01-06T10:59:14+00:00\" \/>\n<meta name=\"twitter:card\" content=\"summary_large_image\" \/>\n<meta name=\"twitter:label1\" content=\"Est. reading time\" \/>\n\t<meta name=\"twitter:data1\" content=\"1 minute\" \/>\n<script type=\"application\/ld+json\" class=\"yoast-schema-graph\">{\"@context\":\"https:\/\/schema.org\",\"@graph\":[{\"@type\":\"WebPage\",\"@id\":\"https:\/\/luckyousaloon.com\/?lang=fr\",\"url\":\"https:\/\/luckyousaloon.com\/?lang=fr\",\"name\":\"LUCKY YOU SALOON - Bi\u00e8res et cocktails sur le port de Cannes\",\"isPartOf\":{\"@id\":\"https:\/\/luckyousaloon.com\/#website\"},\"datePublished\":\"2018-05-08T10:52:43+00:00\",\"dateModified\":\"2023-01-06T10:59:14+00:00\",\"description\":\"Une s\u00e9lection unique de bi\u00e8res, alcools, cocktails et restauration dans un lieu chaleureux et accueillant sur le Port de Cannes.\",\"breadcrumb\":{\"@id\":\"https:\/\/luckyousaloon.com\/?lang=fr#breadcrumb\"},\"inLanguage\":\"en-US\",\"potentialAction\":[{\"@type\":\"ReadAction\",\"target\":[\"https:\/\/luckyousaloon.com\/?lang=fr\"]}]},{\"@type\":\"BreadcrumbList\",\"@id\":\"https:\/\/luckyousaloon.com\/?lang=fr#breadcrumb\",\"itemListElement\":[{\"@type\":\"ListItem\",\"position\":1,\"name\":\"Accueil\",\"item\":\"https:\/\/luckyousaloon.com\/\"},{\"@type\":\"ListItem\",\"position\":2,\"name\":\"Accueil\"}]},{\"@type\":\"WebSite\",\"@id\":\"https:\/\/luckyousaloon.com\/#website\",\"url\":\"https:\/\/luckyousaloon.com\/\",\"name\":\"LUCKY YOU\",\"description\":\"Beef and Seefood Restaurant in Cannes\",\"publisher\":{\"@id\":\"https:\/\/luckyousaloon.com\/#organization\"},\"potentialAction\":[{\"@type\":\"SearchAction\",\"target\":{\"@type\":\"EntryPoint\",\"urlTemplate\":\"https:\/\/luckyousaloon.com\/?s={search_term_string}\"},\"query-input\":\"required name=search_term_string\"}],\"inLanguage\":\"en-US\"},{\"@type\":\"Organization\",\"@id\":\"https:\/\/luckyousaloon.com\/#organization\",\"name\":\"LUCKY YOU\",\"url\":\"https:\/\/luckyousaloon.com\/\",\"logo\":{\"@type\":\"ImageObject\",\"inLanguage\":\"en-US\",\"@id\":\"https:\/\/luckyousaloon.com\/#\/schema\/logo\/image\/\",\"url\":\"https:\/\/luckyousaloon.com\/wp-content\/uploads\/2022\/05\/lucky-you_saloon_logo-200x115-1.png\",\"contentUrl\":\"https:\/\/luckyousaloon.com\/wp-content\/uploads\/2022\/05\/lucky-you_saloon_logo-200x115-1.png\",\"width\":200,\"height\":115,\"caption\":\"LUCKY YOU\"},\"image\":{\"@id\":\"https:\/\/luckyousaloon.com\/#\/schema\/logo\/image\/\"}}]}<\/script>\n<!-- \/ Yoast SEO plugin. -->","yoast_head_json":{"title":"LUCKY YOU SALOON - Bi\u00e8res et cocktails sur le port de Cannes","description":"Une s\u00e9lection unique de bi\u00e8res, alcools, cocktails et restauration dans un lieu chaleureux et accueillant sur le Port de Cannes.","robots":{"index":"index","follow":"follow","max-snippet":"max-snippet:-1","max-image-preview":"max-image-preview:large","max-video-preview":"max-video-preview:-1"},"canonical":"https:\/\/luckyousaloon.com\/?lang=fr","og_locale":"en_US","og_type":"article","og_title":"LUCKY YOU SALOON - Bi\u00e8res et cocktails sur le port de Cannes","og_description":"Une s\u00e9lection unique de bi\u00e8res, alcools, cocktails et restauration dans un lieu chaleureux et accueillant sur le Port de Cannes.","og_url":"https:\/\/luckyousaloon.com\/?lang=fr","og_site_name":"LUCKY YOU","article_modified_time":"2023-01-06T10:59:14+00:00","twitter_card":"summary_large_image","twitter_misc":{"Est. reading time":"1 minute"},"schema":{"@context":"https:\/\/schema.org","@graph":[{"@type":"WebPage","@id":"https:\/\/luckyousaloon.com\/?lang=fr","url":"https:\/\/luckyousaloon.com\/?lang=fr","name":"LUCKY YOU SALOON - Bi\u00e8res et cocktails sur le port de Cannes","isPartOf":{"@id":"https:\/\/luckyousaloon.com\/#website"},"datePublished":"2018-05-08T10:52:43+00:00","dateModified":"2023-01-06T10:59:14+00:00","description":"Une s\u00e9lection unique de bi\u00e8res, alcools, cocktails et restauration dans un lieu chaleureux et accueillant sur le Port de Cannes.","breadcrumb":{"@id":"https:\/\/luckyousaloon.com\/?lang=fr#breadcrumb"},"inLanguage":"en-US","potentialAction":[{"@type":"ReadAction","target":["https:\/\/luckyousaloon.com\/?lang=fr"]}]},{"@type":"BreadcrumbList","@id":"https:\/\/luckyousaloon.com\/?lang=fr#breadcrumb","itemListElement":[{"@type":"ListItem","position":1,"name":"Accueil","item":"https:\/\/luckyousaloon.com\/"},{"@type":"ListItem","position":2,"name":"Accueil"}]},{"@type":"WebSite","@id":"https:\/\/luckyousaloon.com\/#website","url":"https:\/\/luckyousaloon.com\/","name":"LUCKY YOU","description":"Beef and Seefood Restaurant in Cannes","publisher":{"@id":"https:\/\/luckyousaloon.com\/#organization"},"potentialAction":[{"@type":"SearchAction","target":{"@type":"EntryPoint","urlTemplate":"https:\/\/luckyousaloon.com\/?s={search_term_string}"},"query-input":"required name=search_term_string"}],"inLanguage":"en-US"},{"@type":"Organization","@id":"https:\/\/luckyousaloon.com\/#organization","name":"LUCKY YOU","url":"https:\/\/luckyousaloon.com\/","logo":{"@type":"ImageObject","inLanguage":"en-US","@id":"https:\/\/luckyousaloon.com\/#\/schema\/logo\/image\/","url":"https:\/\/luckyousaloon.com\/wp-content\/uploads\/2022\/05\/lucky-you_saloon_logo-200x115-1.png","contentUrl":"https:\/\/luckyousaloon.com\/wp-content\/uploads\/2022\/05\/lucky-you_saloon_logo-200x115-1.png","width":200,"height":115,"caption":"LUCKY YOU"},"image":{"@id":"https:\/\/luckyousaloon.com\/#\/schema\/logo\/image\/"}}]}},"_links":{"self":[{"href":"https:\/\/luckyousaloon.com\/index.php?rest_route=\/wp\/v2\/pages\/1633"}],"collection":[{"href":"https:\/\/luckyousaloon.com\/index.php?rest_route=\/wp\/v2\/pages"}],"about":[{"href":"https:\/\/luckyousaloon.com\/index.php?rest_route=\/wp\/v2\/types\/page"}],"author":[{"embeddable":true,"href":"https:\/\/luckyousaloon.com\/index.php?rest_route=\/wp\/v2\/users\/1"}],"replies":[{"embeddable":true,"href":"https:\/\/luckyousaloon.com\/index.php?rest_route=%2Fwp%2Fv2%2Fcomments&post=1633"}],"version-history":[{"count":146,"href":"https:\/\/luckyousaloon.com\/index.php?rest_route=\/wp\/v2\/pages\/1633\/revisions"}],"predecessor-version":[{"id":2108,"href":"https:\/\/luckyousaloon.com\/index.php?rest_route=\/wp\/v2\/pages\/1633\/revisions\/2108"}],"wp:attachment":[{"href":"https:\/\/luckyousaloon.com\/index.php?rest_route=%2Fwp%2Fv2%2Fmedia&parent=1633"}],"curies":[{"name":"wp","href":"https:\/\/api.w.org\/{rel}","templated":true}]}}